{"id":3765,"date":"2018-03-13T13:12:12","date_gmt":"2018-03-13T16:12:12","guid":{"rendered":"http:\/\/recargasstar.com.ar\/sitio2017\/?page_id=3765"},"modified":"2018-03-14T15:41:12","modified_gmt":"2018-03-14T18:41:12","slug":"nosotros","status":"publish","type":"page","link":"https:\/\/recargasstar.com.ar\/sitio2017\/nosotros\/","title":{"rendered":"Nosotros"},"content":{"rendered":"<div id=\"nosotros\" class=\"tatsu-fpad0ladmk7qzx3v tatsu-section  tatsu-bg-overlay   tatsu-clearfix\" data-title=\"\"  data-headerscheme=\"background--dark\"><div class='tatsu-section-pad clearfix' data-padding='1px 0% 0px 0% ' data-padding-top='1px'><div class=\"tatsu-row-wrap  tatsu-wrap tatsu-row-one-col tatsu-row-has-one-cols tatsu-medium-gutter tatsu-reg-cols  tatsu-clearfix tatsu-fpad0ladne66nv42\" ><div  class=\"tatsu-row \" ><div  class=\"tatsu-column  tatsu-column-no-bg tatsu-one-col tatsu-column-image- tatsu-column-effect-  tatsu-fpad0ladnzffucwt\" data-animation=\"fadeIn\"   data-parallax-speed=\"0\" style=\"\"><div class=\"tatsu-column-inner \" ><div class=\"tatsu-column-pad-wrap\"><div class=\"tatsu-column-pad\" ><div  class=\"tatsu-module tatsu-text-block-wrap tatsu-fpad0ladoy9pvjva  \"><div class=\"tatsu-text-inner tatsu-align-center tatsu-animate clearfix\" data-animation=\"fadeInDown\"  ><style>.tatsu-fpad0ladoy9pvjva.tatsu-text-block-wrap .tatsu-text-inner{width: 70%;}<\/style>\n<h3 style=\"text-align: center;\">En\u00a0<span style=\"color: #ff00ff;\">Recargas Star\u00ae <\/span>somos pioneros en reciclado de cartuchos para impresoras.<\/h3>\n<\/div><\/div><\/div><\/div><div class = \"tatsu-column-bg-image-wrap\"><div class = \"tatsu-column-bg-image\" ><\/div><\/div><\/div><style>.tatsu-fpad0ladnzffucwt.tatsu-column > .tatsu-column-inner > .tatsu-column-pad-wrap > .tatsu-column-pad{padding: 0px 0px 0px 0px;}.tatsu-fpad0ladnzffucwt.tatsu-column > .tatsu-column-inner > .tatsu-column-overlay{mix-blend-mode: none;}.tatsu-fpad0ladnzffucwt > .tatsu-column-inner > .tatsu-top-divider{z-index: 9999;}.tatsu-fpad0ladnzffucwt > .tatsu-column-inner > .tatsu-bottom-divider{z-index: 9999;}.tatsu-fpad0ladnzffucwt > .tatsu-column-inner > .tatsu-left-divider{z-index: 9999;}.tatsu-fpad0ladnzffucwt > .tatsu-column-inner > .tatsu-right-divider{z-index: 9999;}.tatsu-fpad0ladnzffucwt.tatsu-column{transform: translate3d(0px,0px, 0);}<\/style><\/div><\/div><\/div><div class=\"tatsu-row-wrap  tatsu-wrap tatsu-row-has-one-half tatsu-row-has-two-cols tatsu-medium-gutter tatsu-reg-cols  tatsu-clearfix tatsu-fpad0ladrta821qe\" ><div  class=\"tatsu-row \" ><div  class=\"tatsu-column  tatsu-column-no-bg tatsu-one-half tatsu-column-image- tatsu-column-effect-  tatsu-fpad0ladsia6xdtz\" data-animation=\"fadeIn\"   data-parallax-speed=\"0\" style=\"\"><div class=\"tatsu-column-inner \" ><div class=\"tatsu-column-pad-wrap\"><div class=\"tatsu-column-pad\" ><div  class=\"tatsu-module tatsu-text-block-wrap tatsu-fpad0ladtfb3fr5c  \"><div class=\"tatsu-text-inner tatsu-align-center tatsu-animate clearfix\" data-animation=\"fadeInLeft\"  >\n<p>Recargas Star\u00ae se fund\u00f3 en el a\u00f1o 2000. Somos pioneros y especialistas en la materia de reciclado de cartuchos para impresoras.<br \/>\nTodo nuestro trabajo se realiza a la vista y es absolutamente garantizado.<br \/>\nBrindamos a nuestros clientes todo lo referido a insumos para impresoras<\/p>\n<\/div><\/div><\/div><\/div><div class = \"tatsu-column-bg-image-wrap\"><div class = \"tatsu-column-bg-image\" ><\/div><\/div><\/div><style>.tatsu-fpad0ladsia6xdtz.tatsu-column > .tatsu-column-inner > .tatsu-column-pad-wrap > .tatsu-column-pad{padding: 0px 0px 0px 0px;}.tatsu-fpad0ladsia6xdtz.tatsu-column > .tatsu-column-inner > .tatsu-column-overlay{mix-blend-mode: none;}.tatsu-fpad0ladsia6xdtz > .tatsu-column-inner > .tatsu-top-divider{z-index: 9999;}.tatsu-fpad0ladsia6xdtz > .tatsu-column-inner > .tatsu-bottom-divider{z-index: 9999;}.tatsu-fpad0ladsia6xdtz > .tatsu-column-inner > .tatsu-left-divider{z-index: 9999;}.tatsu-fpad0ladsia6xdtz > .tatsu-column-inner > .tatsu-right-divider{z-index: 9999;}.tatsu-fpad0ladsia6xdtz.tatsu-column{transform: translate3d(0px,0px, 0);}<\/style><\/div><div  class=\"tatsu-column  tatsu-column-no-bg tatsu-one-half tatsu-column-image- tatsu-column-effect-  tatsu-fpad0ladvvee24ew\" data-animation=\"fadeIn\"   data-parallax-speed=\"0\" style=\"\"><div class=\"tatsu-column-inner \" ><div class=\"tatsu-column-pad-wrap\"><div class=\"tatsu-column-pad\" ><div  class=\"tatsu-module tatsu-text-block-wrap tatsu-fpad0ladwwc0cods  \"><div class=\"tatsu-text-inner tatsu-align-center tatsu-animate clearfix\" data-animation=\"fadeInRight\"  >\n<p>de cualquier tipo (INK-JET, L\u00e1ser, Matriz de puntos), tanto la recarga como la venta de cartuchos originales y alternativos.<br \/>\nContamos con diversos tipos de perif\u00e9ricos, accesorios y papeles para impresi\u00f3n: fotogr\u00e1ficos brillantes, mate, autoadhesivos, resmas, etc.<\/p>\n<\/div><\/div><\/div><\/div><div class = \"tatsu-column-bg-image-wrap\"><div class = \"tatsu-column-bg-image\" ><\/div><\/div><\/div><style>.tatsu-fpad0ladvvee24ew.tatsu-column > .tatsu-column-inner > .tatsu-column-pad-wrap > .tatsu-column-pad{padding: 0px 0px 0px 0px;}.tatsu-fpad0ladvvee24ew.tatsu-column > .tatsu-column-inner > .tatsu-column-overlay{mix-blend-mode: none;}.tatsu-fpad0ladvvee24ew > .tatsu-column-inner > .tatsu-top-divider{z-index: 9999;}.tatsu-fpad0ladvvee24ew > .tatsu-column-inner > .tatsu-bottom-divider{z-index: 9999;}.tatsu-fpad0ladvvee24ew > .tatsu-column-inner > .tatsu-left-divider{z-index: 9999;}.tatsu-fpad0ladvvee24ew > .tatsu-column-inner > .tatsu-right-divider{z-index: 9999;}.tatsu-fpad0ladvvee24ew.tatsu-column{transform: translate3d(0px,0px, 0);}<\/style><\/div><\/div><\/div><div class=\"tatsu-row-wrap  tatsu-wrap tatsu-row-has-one-half tatsu-row-has-two-cols tatsu-zero-margin tatsu-no-gutter tatsu-eq-cols  tatsu-clearfix tatsu-fpad0ladzddlpkeg\" ><div  class=\"tatsu-row \" ><div  class=\"tatsu-column  tatsu-column-no-bg tatsu-one-half tatsu-column-image- tatsu-column-effect-  tatsu-fpad0lae029ly3tn\" data-animation=\"fadeIn\"   data-parallax-speed=\"0\" style=\"\"><div class=\"tatsu-column-inner \" ><div class=\"tatsu-column-pad-wrap\"><div class=\"tatsu-column-pad\" ><div  class=\"tatsu-empty-space  tatsu-hide-hide-mobile tatsu-fpad0lae0ycm6zj5  tatsu-hide-hide-mobile \" ><style>.tatsu-fpad0lae0ycm6zj5.tatsu-empty-space{height: 25px;}<\/style><\/div><div  class=\"tatsu-module tatsu-text-block-wrap tatsu-fpad0lae36b6tcdt  \"><div class=\"tatsu-text-inner tatsu-align-center  clearfix\" data-animation=\"fadeIn\"  >\n<p><img loading=\"lazy\" class=\"alignnone size-full wp-image-3300\" src=\"http:\/\/recargasstar.com.ar\/sitio2017\/wp-content\/uploads\/2014\/10\/Nosotros-P1010949.jpg\" alt=\"\" width=\"1000\" height=\"1000\" srcset=\"https:\/\/recargasstar.com.ar\/sitio2017\/wp-content\/uploads\/2014\/10\/Nosotros-P1010949.jpg 1000w, https:\/\/recargasstar.com.ar\/sitio2017\/wp-content\/uploads\/2014\/10\/Nosotros-P1010949-150x150.jpg 150w, https:\/\/recargasstar.com.ar\/sitio2017\/wp-content\/uploads\/2014\/10\/Nosotros-P1010949-300x300.jpg 300w, https:\/\/recargasstar.com.ar\/sitio2017\/wp-content\/uploads\/2014\/10\/Nosotros-P1010949-768x768.jpg 768w, https:\/\/recargasstar.com.ar\/sitio2017\/wp-content\/uploads\/2014\/10\/Nosotros-P1010949-50x50.jpg 50w, https:\/\/recargasstar.com.ar\/sitio2017\/wp-content\/uploads\/2014\/10\/Nosotros-P1010949-650x650.jpg 650w\" sizes=\"(max-width: 1000px) 100vw, 1000px\" \/><\/p>\n<\/div><\/div><\/div><\/div><div class = \"tatsu-column-bg-image-wrap\"><div class = \"tatsu-column-bg-image\" ><\/div><\/div><\/div><style>.tatsu-fpad0lae029ly3tn.tatsu-column > .tatsu-column-inner > .tatsu-column-pad-wrap > .tatsu-column-pad{padding: 0px 0px 0px 0px;}.tatsu-fpad0lae029ly3tn.tatsu-column > .tatsu-column-inner > .tatsu-column-overlay{mix-blend-mode: none;}.tatsu-fpad0lae029ly3tn > .tatsu-column-inner > .tatsu-top-divider{z-index: 9999;}.tatsu-fpad0lae029ly3tn > .tatsu-column-inner > .tatsu-bottom-divider{z-index: 9999;}.tatsu-fpad0lae029ly3tn > .tatsu-column-inner > .tatsu-left-divider{z-index: 9999;}.tatsu-fpad0lae029ly3tn > .tatsu-column-inner > .tatsu-right-divider{z-index: 9999;}.tatsu-fpad0lae029ly3tn.tatsu-column{transform: translate3d(0px,0px, 0);}<\/style><\/div><div  class=\"tatsu-column  tatsu-column-no-bg tatsu-one-half tatsu-column-align-middle tatsu-column-image- tatsu-column-effect-  tatsu-fpad0lae5m6tr83x\" data-animation=\"flipInX\"   data-parallax-speed=\"0\" style=\"\"><div class=\"tatsu-column-inner \" ><div class=\"tatsu-column-pad-wrap\"><div class=\"tatsu-column-pad\" ><div  class=\"tatsu-module tatsu-title-icon  tatsu-animate tatsu-fpad0lae6oem8m54  \" data-animation=\"fadeInRight\"  ><span class=\"tatsu-ti-wrap tatsu-ti medium plain align-left\" ><i class=\"icon-uniE6D8 tatsu-ti tatsu-ti-icon\"><\/i><\/span><div class=\"tatsu-tc tatsu-tc-custom-space align-left medium plain\">\n<h6>RECARGAS DE CARTUCHOS | calidad, seguridad &amp; tecnolog\u00eda<\/h6>\n<p>Tanto en Toner Laser como en Ink-Jet nos destacamos por la Calidad y Garant\u00eda en las recargas, tecnolog\u00eda automatizada y control de calidad.<\/p>\n<\/div><style>.tatsu-fpad0lae6oem8m54 .tatsu-ti-icon{color: rgba(252,0,255,1) ;}<\/style><\/div><div  class=\"tatsu-module tatsu-title-icon  tatsu-animate tatsu-cfe16b09-7a9b-4c92-b8a9-383606c2c3ef  \" data-animation=\"fadeInRight\"  ><span class=\"tatsu-ti-wrap tatsu-ti medium plain align-left\" ><i class=\"icon-uniE6D8 tatsu-ti tatsu-ti-icon\"><\/i><\/span><div class=\"tatsu-tc tatsu-tc-custom-space align-left medium plain\">\n<h6>VENTA DE CARTUCHOS | variedad &#038; respaldo<\/h6>\n<p>Contamos con la m\u00e1s amplia l\u00ednea de cartuchos: Originales, Alternativos y Reciclados, de todas las marcas y modelos. Stock permanente.<\/p>\n<\/div><style>.tatsu-cfe16b09-7a9b-4c92-b8a9-383606c2c3ef .tatsu-ti-icon{color: rgba(252,0,255,1) ;}<\/style><\/div><div  class=\"tatsu-module tatsu-title-icon  tatsu-animate tatsu-c204e855-eb3e-440d-8fb3-38c534828c53  \" data-animation=\"fadeInRight\"  ><span class=\"tatsu-ti-wrap tatsu-ti medium plain align-left\" ><i class=\"icon-uniE6D8 tatsu-ti tatsu-ti-icon\"><\/i><\/span><div class=\"tatsu-tc tatsu-tc-custom-space align-left medium plain\">\n<h6>REPARACI\u00d3N DE IMPRESORAS | t\u00e9cnicos calificados<\/h6>\n<p>Contamos con t\u00e9cnicos especializados para dar soluci\u00f3n a cualquier problema; sea cual fuere su marca, modelo, tipo o antig\u00fcedad de impresora.<\/p>\n<\/div><style>.tatsu-c204e855-eb3e-440d-8fb3-38c534828c53 .tatsu-ti-icon{color: rgba(252,0,255,1) ;}<\/style><\/div><div  class=\"tatsu-module tatsu-title-icon  tatsu-animate tatsu-cf432afa-7ea2-4ede-b31c-ccc19bbbbbee  \" data-animation=\"fadeInRight\"  ><span class=\"tatsu-ti-wrap tatsu-ti medium plain align-left\" ><i class=\"icon-uniE6D8 tatsu-ti tatsu-ti-icon\"><\/i><\/span><div class=\"tatsu-tc tatsu-tc-custom-space align-left medium plain\">\n<h6>INSUMOS | stock &#038; buenos precios<\/h6>\n<p>No hay l\u00edmites para Imprimir! Comercializamos Impresoras, Insumos de Computaci\u00f3n, Papeles Obra, Fotogr\u00e1ficos y Mate.<\/p>\n<\/div><style>.tatsu-cf432afa-7ea2-4ede-b31c-ccc19bbbbbee .tatsu-ti-icon{color: rgba(252,0,255,1) ;}<\/style><\/div><\/div><\/div><div class = \"tatsu-column-bg-image-wrap\"><div class = \"tatsu-column-bg-image\" ><\/div><\/div><\/div><style>.tatsu-fpad0lae5m6tr83x.tatsu-column > .tatsu-column-inner > .tatsu-column-pad-wrap > .tatsu-column-pad{padding: 5% 0% 10% 5% ;}.tatsu-fpad0lae5m6tr83x.tatsu-column > .tatsu-column-inner > .tatsu-column-overlay{mix-blend-mode: none;}.tatsu-fpad0lae5m6tr83x > .tatsu-column-inner > .tatsu-top-divider{z-index: 9999;}.tatsu-fpad0lae5m6tr83x > .tatsu-column-inner > .tatsu-bottom-divider{z-index: 9999;}.tatsu-fpad0lae5m6tr83x > .tatsu-column-inner > .tatsu-left-divider{z-index: 9999;}.tatsu-fpad0lae5m6tr83x > .tatsu-column-inner > .tatsu-right-divider{z-index: 9999;}.tatsu-fpad0lae5m6tr83x.tatsu-column{transform: translate3d(0px,0px, 0);}<\/style><\/div><\/div><\/div><\/div><div class=\"tatsu-section-background-wrap\"><div class = \"tatsu-section-background\" ><\/div><\/div><div class=\"tatsu-overlay tatsu-section-overlay\"><\/div><style>.tatsu-fpad0ladmk7qzx3v{border-width: 0px 0px px 0px;border-style: solid;}.tatsu-fpad0ladmk7qzx3v .tatsu-section-pad{padding: 1px 0% 0px 0% ;}.tatsu-fpad0ladmk7qzx3v.tatsu-section{margin: 0px 0px 0px 0px;}.tatsu-fpad0ladmk7qzx3v > .tatsu-bottom-divider{z-index: 9999;}.tatsu-fpad0ladmk7qzx3v > .tatsu-top-divider{z-index: 9999;}.tatsu-fpad0ladmk7qzx3v .tatsu-section-overlay{background: rgba(255,255,255,1);}@media only screen and (max-width:1377px) {.tatsu-fpad0ladmk7qzx3v{border-style: solid;}}@media only screen and (min-width:768px) and (max-width: 1024px) {.tatsu-fpad0ladmk7qzx3v{border-style: solid;}}@media only screen and (max-width: 767px) {.tatsu-fpad0ladmk7qzx3v{border-style: solid;}}<\/style><\/div><div id=\"newsletter\" class=\"tatsu-fpbkn117vudbpe1r tatsu-section    tatsu-clearfix\" data-title=\"\"  data-headerscheme=\"background--light\"><div class='tatsu-section-pad clearfix' data-padding='90px 0% 90px 0%' data-padding-top='90px'><div class=\"tatsu-row-wrap  tatsu-wrap tatsu-row-one-col tatsu-row-has-one-cols tatsu-medium-gutter tatsu-reg-cols  tatsu-clearfix tatsu-fpbkn117wm2mapt0\" ><div  class=\"tatsu-row \" ><div  class=\"tatsu-column  tatsu-column-no-bg tatsu-one-col tatsu-column-image- tatsu-column-effect-  tatsu-fpbkn117wvd6zymz\" data-animation=\"fadeIn\"   data-parallax-speed=\"0\" style=\"\"><div class=\"tatsu-column-inner \" ><div class=\"tatsu-column-pad-wrap\"><div class=\"tatsu-column-pad\" ><div  class=\"tatsu-module tatsu-text-block-wrap tatsu-fpbkn117xcem8xih  \"><div class=\"tatsu-text-inner tatsu-align-center  clearfix\" data-animation=\"fadeIn\"  >\n<h2><span style=\"color: #ffffff;\">Mantengase Actualizado<\/span><\/h2>\n<h4><span style=\"color: #ffffff;\">Todas las novedades que Recargas Star\u00ae tiene para ofrecerle en un solo lugar&#8230;<\/span><\/h4>\n<\/div><\/div><\/div><\/div><div class = \"tatsu-column-bg-image-wrap\"><div class = \"tatsu-column-bg-image\" ><\/div><\/div><\/div><style>.tatsu-fpbkn117wvd6zymz.tatsu-column > .tatsu-column-inner > .tatsu-column-pad-wrap > .tatsu-column-pad{padding: 0px 0px 0px 0px;}.tatsu-fpbkn117wvd6zymz.tatsu-column > .tatsu-column-inner > .tatsu-column-overlay{mix-blend-mode: none;}.tatsu-fpbkn117wvd6zymz > .tatsu-column-inner > .tatsu-top-divider{z-index: 9999;}.tatsu-fpbkn117wvd6zymz > .tatsu-column-inner > .tatsu-bottom-divider{z-index: 9999;}.tatsu-fpbkn117wvd6zymz > .tatsu-column-inner > .tatsu-left-divider{z-index: 9999;}.tatsu-fpbkn117wvd6zymz > .tatsu-column-inner > .tatsu-right-divider{z-index: 9999;}.tatsu-fpbkn117wvd6zymz.tatsu-column{transform: translate3d(0px,0px, 0);}<\/style><\/div><\/div><\/div><div class=\"tatsu-row-wrap  tatsu-wrap tatsu-row-has-two-cols tatsu-medium-gutter tatsu-reg-cols  tatsu-clearfix tatsu-fpbkn117zbcexnxc\" ><div  class=\"tatsu-row \" ><div  class=\"tatsu-column  tatsu-column-no-bg tatsu-one-fourth tatsu-column-image- tatsu-column-effect-  tatsu-fpbkn117zk2dg5sq\" data-animation=\"fadeIn\"   data-parallax-speed=\"0\" style=\"\"><div class=\"tatsu-column-inner \" ><div class=\"tatsu-column-pad-wrap\"><div class=\"tatsu-column-pad\" ><div  class=\"tatsu-module tatsu-normal-icon tatsu-icon-shortcode align-none tatsu-fpbkn117zx59bb5z   \"><style>.tatsu-fpbkn117zx59bb5z .tatsu-icon{background-color: #232323;color: #ffffff ;}.tatsu-fpbkn117zx59bb5z .tatsu-icon:hover{background-color: rgba(255,0,200,1);color: #ffffff ;}<\/style><a href=\"https:\/\/www.facebook.com\/recargasstar\/\"  class=\"tatsu-icon-wrap circle     \" data-animation=\"fadeIn\"   aria-label=\"icon-facebook2\" data-gdpr-atts={}   ><i class=\"tatsu-icon tatsu-custom-icon tatsu-custom-icon-class icon-facebook2 large circle\"  data-animation=\"fadeIn\" data-animation-delay=\"0\"><\/i><\/a><\/div><div  class=\"tatsu-module tatsu-normal-icon tatsu-icon-shortcode align-none tatsu-fpbkn11811crm78h   \"><style>.tatsu-fpbkn11811crm78h .tatsu-icon{background-color: #232323;color: #ffffff ;}.tatsu-fpbkn11811crm78h .tatsu-icon:hover{background-color: rgba(255,0,200,1);color: #ffffff ;}<\/style><a href=\"mailto:info@recargasstar.com.ar\"  class=\"tatsu-icon-wrap circle     \" data-animation=\"fadeIn\"   aria-label=\"icon-email\" data-gdpr-atts={}   ><i class=\"tatsu-icon tatsu-custom-icon tatsu-custom-icon-class icon-email large circle\"  data-animation=\"fadeIn\" data-animation-delay=\"0\"><\/i><\/a><\/div><\/div><\/div><div class = \"tatsu-column-bg-image-wrap\"><div class = \"tatsu-column-bg-image\" ><\/div><\/div><\/div><style>.tatsu-fpbkn117zk2dg5sq.tatsu-column > .tatsu-column-inner > .tatsu-column-pad-wrap > .tatsu-column-pad{padding: 0px 0px 0px 0px;}.tatsu-fpbkn117zk2dg5sq.tatsu-column > .tatsu-column-inner > .tatsu-column-overlay{mix-blend-mode: none;}.tatsu-fpbkn117zk2dg5sq > .tatsu-column-inner > .tatsu-top-divider{z-index: 9999;}.tatsu-fpbkn117zk2dg5sq > .tatsu-column-inner > .tatsu-bottom-divider{z-index: 9999;}.tatsu-fpbkn117zk2dg5sq > .tatsu-column-inner > .tatsu-left-divider{z-index: 9999;}.tatsu-fpbkn117zk2dg5sq > .tatsu-column-inner > .tatsu-right-divider{z-index: 9999;}.tatsu-fpbkn117zk2dg5sq.tatsu-column{transform: translate3d(0px,0px, 0);}<\/style><\/div><div  class=\"tatsu-column  tatsu-column-no-bg tatsu-three-fourth tatsu-column-image- tatsu-column-effect-  tatsu-fpbkn1182579fvjy\" data-animation=\"fadeIn\"   data-parallax-speed=\"0\" style=\"\"><div class=\"tatsu-column-inner \" ><div class=\"tatsu-column-pad-wrap\"><div class=\"tatsu-column-pad\" ><div  class=\"oshine-mc-wrap  tatsu-fpbkn1182j56ogx4 oshine-module align-left    clearfix\" data-animation=\"fadeIn\"   data-consent-error = \"Please check the consent box, in order for us to process this form\"><form method=\"POST\" class=\"oshine-mc-form\"><div class=\"clearfix\"><input type=\"hidden\" name=\"api_key\" value=\"3d87e9892848c1e091a810a6983ee5ac-us16\" \/><input type=\"hidden\" name=\"list_id\" value=\"748ce999c5\" \/><fieldset class=\"contact_fieldset oshine-mc-field\" style=\"width: 100%;\"><input type=\"text\" name=\"email\" placeholder=\"Email\" \/><div class=\"clear\"><\/div><\/fieldset><fieldset class=\"contact_fieldset oshine-mc-submit-wrap\"><input type=\"submit\" name=\"submit\" value=\"SUSCRIBIRME\" class=\"oshine-mc-submit oshine-module tatsu-button\" style= \"border-style: solid;\" \/><div class=\"subscribe_loader\"><div class=\"tatsu-icon loader-style4-wrap loader-icon\"><\/div><\/div><\/fieldset><\/div><div class=\"subscribe_status tatsu-notification\"><\/div><\/form><style>.tatsu-fpbkn1182j56ogx4 .oshine-mc-submit{background: rgba(255,0,200,1);color: #ffffff ;border-width: 1px;}<\/style><\/div><\/div><\/div><div class = \"tatsu-column-bg-image-wrap\"><div class = \"tatsu-column-bg-image\" ><\/div><\/div><\/div><style>.tatsu-fpbkn1182579fvjy.tatsu-column > .tatsu-column-inner > .tatsu-column-pad-wrap > .tatsu-column-pad{padding: 0px 0px 0px 0px;}.tatsu-fpbkn1182579fvjy.tatsu-column > .tatsu-column-inner > .tatsu-column-overlay{mix-blend-mode: none;}.tatsu-fpbkn1182579fvjy > .tatsu-column-inner > .tatsu-top-divider{z-index: 9999;}.tatsu-fpbkn1182579fvjy > .tatsu-column-inner > .tatsu-bottom-divider{z-index: 9999;}.tatsu-fpbkn1182579fvjy > .tatsu-column-inner > .tatsu-left-divider{z-index: 9999;}.tatsu-fpbkn1182579fvjy > .tatsu-column-inner > .tatsu-right-divider{z-index: 9999;}.tatsu-fpbkn1182579fvjy.tatsu-column{transform: translate3d(0px,0px, 0);}<\/style><\/div><\/div><\/div><\/div><div class=\"tatsu-section-background-wrap\"><div class = \"tatsu-section-background\" ><\/div><\/div><style>.tatsu-fpbkn117vudbpe1r.tatsu-section{background-color: #000000;margin: 0px 0px 0px 0px;}.tatsu-fpbkn117vudbpe1r{border-width: 0px 0px px 0px;border-style: solid;}.tatsu-fpbkn117vudbpe1r .tatsu-section-pad{padding: 90px 0% 90px 0%;}.tatsu-fpbkn117vudbpe1r > .tatsu-bottom-divider{z-index: 9999;}.tatsu-fpbkn117vudbpe1r > .tatsu-top-divider{z-index: 9999;}@media only screen and (max-width:1377px) {.tatsu-fpbkn117vudbpe1r{border-style: solid;}}@media only screen and (min-width:768px) and (max-width: 1024px) {.tatsu-fpbkn117vudbpe1r{border-style: solid;}}@media only screen and (max-width: 767px) {.tatsu-fpbkn117vudbpe1r{border-style: solid;}}<\/style><\/div>\n","protected":false},"excerpt":{"rendered":"<p><a href=\"https:\/\/recargasstar.com.ar\/sitio2017\/nosotros\/\" class=\"more-link style2-button\">Read More<\/a><\/p>","protected":false},"author":1,"featured_media":0,"parent":0,"menu_order":0,"comment_status":"closed","ping_status":"closed","template":"","meta":[],"_links":{"self":[{"href":"https:\/\/recargasstar.com.ar\/sitio2017\/wp-json\/wp\/v2\/pages\/3765"}],"collection":[{"href":"https:\/\/recargasstar.com.ar\/sitio2017\/wp-json\/wp\/v2\/pages"}],"about":[{"href":"https:\/\/recargasstar.com.ar\/sitio2017\/wp-json\/wp\/v2\/types\/page"}],"author":[{"embeddable":true,"href":"https:\/\/recargasstar.com.ar\/sitio2017\/wp-json\/wp\/v2\/users\/1"}],"replies":[{"embeddable":true,"href":"https:\/\/recargasstar.com.ar\/sitio2017\/wp-json\/wp\/v2\/comments?post=3765"}],"version-history":[{"count":8,"href":"https:\/\/recargasstar.com.ar\/sitio2017\/wp-json\/wp\/v2\/pages\/3765\/revisions"}],"predecessor-version":[{"id":3817,"href":"https:\/\/recargasstar.com.ar\/sitio2017\/wp-json\/wp\/v2\/pages\/3765\/revisions\/3817"}],"wp:attachment":[{"href":"https:\/\/recargasstar.com.ar\/sitio2017\/wp-json\/wp\/v2\/media?parent=3765"}],"curies":[{"name":"wp","href":"https:\/\/api.w.org\/{rel}","templated":true}]}}