{"id":3781,"date":"2018-03-13T13:29:22","date_gmt":"2018-03-13T16:29:22","guid":{"rendered":"http:\/\/recargasstar.com.ar\/sitio2017\/?page_id=3781"},"modified":"2018-03-24T18:22:12","modified_gmt":"2018-03-24T21:22:12","slug":"contacto","status":"publish","type":"page","link":"https:\/\/recargasstar.com.ar\/sitio2017\/contacto\/","title":{"rendered":"Contacto"},"content":{"rendered":"<div id=\"productos\" class=\"tatsu-769a210a-b909-44dd-a2d3-4ae46ade60eb tatsu-section    tatsu-clearfix\" data-title=\"\"  data-headerscheme=\"background--light\"><div class='tatsu-section-pad clearfix' data-padding='80px 0% 120px 0% ' data-padding-top='80px'><div class=\"tatsu-row-wrap  tatsu-wrap tatsu-row-one-col tatsu-row-has-one-cols tatsu-medium-gutter tatsu-reg-cols  tatsu-clearfix tatsu-b1dd566c-5ad9-4f33-8c5d-2c8de3bc1004\" ><div  class=\"tatsu-row \" ><div  class=\"tatsu-column  tatsu-column-no-bg tatsu-one-col tatsu-column-image- tatsu-column-effect-  tatsu-6a9970ab-955f-4abe-8c24-0de57c673aae\" data-animation=\"fadeIn\"   data-parallax-speed=\"0\" style=\"\"><div class=\"tatsu-column-inner \" ><div class=\"tatsu-column-pad-wrap\"><div class=\"tatsu-column-pad\" ><div  class=\"tatsu-module tatsu-text-block-wrap tatsu-fecb27d1-cb3f-4c86-af9e-6772406b9a0a  \"><div class=\"tatsu-text-inner tatsu-align-center tatsu-animate clearfix\" data-animation=\"fadeInLeft\"  >\n<h2 style=\"text-align: center;\"><span style=\"color: #f50ca0;\">Local Comercial<\/span><\/h2>\n<p style=\"text-align: center;\"><strong>Ubicado en el centro comercial de Lomas de Zamora<\/strong>, contamos con tecnolog\u00eda de \u00faltima generaci\u00f3n, servicios de recarga a la vista y en el acto, venta de cartuchos originales y alternativos, reparaci\u00f3n de impresoras y venta de insumos.<\/p>\n<p style=\"text-align: center;\"><strong>Atenci\u00f3n personalizada a Empresas y Receptor\u00edas.<\/strong><\/p>\n<\/div><\/div><\/div><\/div><div class = \"tatsu-column-bg-image-wrap\"><div class = \"tatsu-column-bg-image\" ><\/div><\/div><\/div><style>.tatsu-6a9970ab-955f-4abe-8c24-0de57c673aae.tatsu-column > .tatsu-column-inner > .tatsu-column-pad-wrap > .tatsu-column-pad{padding: 0px 0px 0px 0px;}.tatsu-6a9970ab-955f-4abe-8c24-0de57c673aae.tatsu-column > .tatsu-column-inner > .tatsu-column-overlay{mix-blend-mode: none;}.tatsu-6a9970ab-955f-4abe-8c24-0de57c673aae > .tatsu-column-inner > .tatsu-top-divider{z-index: 9999;}.tatsu-6a9970ab-955f-4abe-8c24-0de57c673aae > .tatsu-column-inner > .tatsu-bottom-divider{z-index: 9999;}.tatsu-6a9970ab-955f-4abe-8c24-0de57c673aae > .tatsu-column-inner > .tatsu-left-divider{z-index: 9999;}.tatsu-6a9970ab-955f-4abe-8c24-0de57c673aae > .tatsu-column-inner > .tatsu-right-divider{z-index: 9999;}.tatsu-6a9970ab-955f-4abe-8c24-0de57c673aae.tatsu-column{transform: translate3d(0px,0px, 0);}<\/style><\/div><\/div><\/div><div class=\"tatsu-row-wrap  tatsu-wrap tatsu-row-has-one-half tatsu-row-has-two-cols tatsu-medium-gutter tatsu-reg-cols  tatsu-clearfix tatsu-fpbk39aeoj7f5avu\" ><div  class=\"tatsu-row \" ><div  class=\"tatsu-column  tatsu-column-no-bg tatsu-one-half tatsu-column-image- tatsu-column-effect-  tatsu-fpbk39aeojrqct3\" data-animation=\"fadeIn\"   data-parallax-speed=\"0\" style=\"\"><div class=\"tatsu-column-inner \" ><div class=\"tatsu-column-pad-wrap\"><div class=\"tatsu-column-pad\" ><div  class=\"tatsu-module tatsu-text-block-wrap tatsu-fpbk39aeowgewaii  \"><div class=\"tatsu-text-inner   clearfix\" data-animation=\"fadeIn\"  ><style>.tatsu-fpbk39aeowgewaii.tatsu-text-block-wrap .tatsu-text-inner{width: 100%;}<\/style><div role=\"form\" class=\"wpcf7\" id=\"wpcf7-f5-o1\" lang=\"es-ES\" dir=\"ltr\">\n<div class=\"screen-reader-response\"><p role=\"status\" aria-live=\"polite\" aria-atomic=\"true\"><\/p> <ul><\/ul><\/div>\n<form action=\"\/sitio2017\/wp-json\/wp\/v2\/pages\/3781#wpcf7-f5-o1\" method=\"post\" class=\"wpcf7-form init\" novalidate=\"novalidate\" data-status=\"init\">\n<div style=\"display: none;\">\n<input type=\"hidden\" name=\"_wpcf7\" value=\"5\" \/>\n<input type=\"hidden\" name=\"_wpcf7_version\" value=\"5.5.1\" \/>\n<input type=\"hidden\" name=\"_wpcf7_locale\" value=\"es_ES\" \/>\n<input type=\"hidden\" name=\"_wpcf7_unit_tag\" value=\"wpcf7-f5-o1\" \/>\n<input type=\"hidden\" name=\"_wpcf7_container_post\" value=\"0\" \/>\n<input type=\"hidden\" name=\"_wpcf7_posted_data_hash\" value=\"\" \/>\n<\/div>\n<p><label> Nombre Completo (required)<br \/>\n    <span class=\"wpcf7-form-control-wrap your-name\"><input type=\"text\" name=\"your-name\" value=\"\" size=\"40\" class=\"wpcf7-form-control wpcf7-text wpcf7-validates-as-required\" aria-required=\"true\" aria-invalid=\"false\" \/><\/span> <\/label><\/p>\n<p><label> Email (required)<br \/>\n    <span class=\"wpcf7-form-control-wrap your-email\"><input type=\"email\" name=\"your-email\" value=\"\" size=\"40\" class=\"wpcf7-form-control wpcf7-text wpcf7-email wpcf7-validates-as-required wpcf7-validates-as-email\" aria-required=\"true\" aria-invalid=\"false\" \/><\/span> <\/label><\/p>\n<p><label> Telefono<br \/>\n    <span class=\"wpcf7-form-control-wrap your-tel\"><input type=\"tel\" name=\"your-tel\" value=\"\" size=\"40\" class=\"wpcf7-form-control wpcf7-text wpcf7-tel wpcf7-validates-as-required wpcf7-validates-as-tel\" aria-required=\"true\" aria-invalid=\"false\" \/><\/span> <\/label><\/p>\n<p><label> Consulta<br \/>\n    <span class=\"wpcf7-form-control-wrap your-message\"><textarea name=\"your-message\" cols=\"40\" rows=\"10\" class=\"wpcf7-form-control wpcf7-textarea\" aria-invalid=\"false\"><\/textarea><\/span> <\/label><\/p>\n<p><input type=\"submit\" value=\"ENVIAR\" class=\"wpcf7-form-control has-spinner wpcf7-submit\" \/><\/p>\n<div class=\"wpcf7-response-output\" aria-hidden=\"true\"><\/div><\/form><\/div><br \/>\n<\/div><\/div><\/div><\/div><div class = \"tatsu-column-bg-image-wrap\"><div class = \"tatsu-column-bg-image\" ><\/div><\/div><\/div><style>.tatsu-fpbk39aeojrqct3.tatsu-column > .tatsu-column-inner > .tatsu-column-pad-wrap > .tatsu-column-pad{padding: 0px 0px 0px 0px;}.tatsu-fpbk39aeojrqct3.tatsu-column > .tatsu-column-inner > .tatsu-column-overlay{mix-blend-mode: none;}.tatsu-fpbk39aeojrqct3 > .tatsu-column-inner > .tatsu-top-divider{z-index: 9999;}.tatsu-fpbk39aeojrqct3 > .tatsu-column-inner > .tatsu-bottom-divider{z-index: 9999;}.tatsu-fpbk39aeojrqct3 > .tatsu-column-inner > .tatsu-left-divider{z-index: 9999;}.tatsu-fpbk39aeojrqct3 > .tatsu-column-inner > .tatsu-right-divider{z-index: 9999;}.tatsu-fpbk39aeojrqct3.tatsu-column{transform: translate3d(0px,0px, 0);}<\/style><\/div><div  class=\"tatsu-column  tatsu-column-no-bg tatsu-one-half tatsu-column-image- tatsu-column-effect-  tatsu-fpbk39aeq8celond\" data-animation=\"fadeIn\"   data-parallax-speed=\"0\" style=\"\"><div class=\"tatsu-column-inner \" ><div class=\"tatsu-column-pad-wrap\"><div class=\"tatsu-column-pad\" ><div  class=\"tatsu-module tatsu-title-icon  tatsu-fpbk39aeqn3mc5sz  \" data-animation=\"fadeIn\"  ><span class=\"tatsu-ti-wrap tatsu-ti medium plain align-left\" ><i class=\"icon-map-pin tatsu-ti tatsu-ti-icon\"><\/i><\/span><div class=\"tatsu-tc tatsu-tc-custom-space align-left medium plain\">\n<p><span style=\"font-size: 12pt;\">Av. H. Yrigoyen 9025, Lomas de Zamora<\/span><\/p>\n<\/div><style>.tatsu-fpbk39aeqn3mc5sz .tatsu-ti-icon{color: rgba(245,12,160,1) ;}<\/style><\/div><div  class=\"tatsu-module tatsu-title-icon  tatsu-fpbk39aerqdi7iaq  \" data-animation=\"fadeIn\"  ><span class=\"tatsu-ti-wrap tatsu-ti medium plain align-left\" ><i class=\"icon-phone2 tatsu-ti tatsu-ti-icon\"><\/i><\/span><div class=\"tatsu-tc tatsu-tc-custom-space align-left medium plain\">\n<p><span style=\"font-size: 12pt;\">4244-1620 \/ 4245-1261 \/\u00a04292-9220<\/span><\/p>\n<\/div><style>.tatsu-fpbk39aerqdi7iaq .tatsu-ti-icon{color: rgba(245,12,160,1) ;}<\/style><\/div><div  class=\"tatsu-module tatsu-text-block-wrap tatsu-fpolyhmk1a5j6w0u  \"><div class=\"tatsu-text-inner   clearfix\" data-animation=\"fadeIn\"  ><style>.tatsu-fpolyhmk1a5j6w0u.tatsu-text-block-wrap .tatsu-text-inner{width: 100%;}<\/style>\n<div style=\"padding-bottom: 15px;\"><a href=\"https:\/\/api.whatsapp.com\/send?l=es&amp;phone=5491154585265\"><img src=\"http:\/\/recargasstar.com.ar\/sitio2017\/img\/wpp-01-01.png\" alt=\"WhatsAp\" \/> <span style=\"color: #999999;\">11.5458-5265<\/span><\/a><\/div>\n<\/div><\/div><div  class=\"tatsu-module tatsu-title-icon  tatsu-fpbk39aeu1f6uxcd  \" data-animation=\"fadeIn\"  ><span class=\"tatsu-ti-wrap tatsu-ti medium plain align-left\" ><i class=\"icon-icon_mail_alt tatsu-ti tatsu-ti-icon\"><\/i><\/span><div class=\"tatsu-tc tatsu-tc-custom-space align-left medium plain\">\n<p><span style=\"font-size: 12pt;\">info@recargasstar.com.ar<\/span><\/p>\n<\/div><style>.tatsu-fpbk39aeu1f6uxcd .tatsu-ti-icon{color: rgba(245,12,160,1) ;}<\/style><\/div><div  class=\"tatsu-module tatsu-title-icon  tatsu-fpbk39aeuy56ym3y  \" data-animation=\"fadeIn\"  ><span class=\"tatsu-ti-wrap tatsu-ti medium plain align-left\" ><i class=\"icon-icon_clock_alt tatsu-ti tatsu-ti-icon\"><\/i><\/span><div class=\"tatsu-tc tatsu-tc-custom-space align-left medium plain\">\n<p><span style=\"font-size: 12pt;\">Horarios de atenci\u00f3n:<br \/>\nLun a Vier 9 a 19:30 hs | S\u00e1b de 9 a 13 hs<\/span><\/p>\n<\/div><style>.tatsu-fpbk39aeuy56ym3y .tatsu-ti-icon{color: rgba(245,12,160,1) ;}<\/style><\/div><\/div><\/div><div class = \"tatsu-column-bg-image-wrap\"><div class = \"tatsu-column-bg-image\" ><\/div><\/div><\/div><style>.tatsu-fpbk39aeq8celond.tatsu-column > .tatsu-column-inner > .tatsu-column-pad-wrap > .tatsu-column-pad{padding: 0px 0px 0px 0px;}.tatsu-fpbk39aeq8celond.tatsu-column > .tatsu-column-inner > .tatsu-column-overlay{mix-blend-mode: none;}.tatsu-fpbk39aeq8celond > .tatsu-column-inner > .tatsu-top-divider{z-index: 9999;}.tatsu-fpbk39aeq8celond > .tatsu-column-inner > .tatsu-bottom-divider{z-index: 9999;}.tatsu-fpbk39aeq8celond > .tatsu-column-inner > .tatsu-left-divider{z-index: 9999;}.tatsu-fpbk39aeq8celond > .tatsu-column-inner > .tatsu-right-divider{z-index: 9999;}.tatsu-fpbk39aeq8celond.tatsu-column{transform: translate3d(0px,0px, 0);}<\/style><\/div><\/div><\/div><\/div><div class=\"tatsu-section-background-wrap\"><div class = \"tatsu-section-background\" ><\/div><\/div><style>.tatsu-769a210a-b909-44dd-a2d3-4ae46ade60eb.tatsu-section{background-color: rgba(255,255,255,1);margin: 0px 0px 0px 0px;}.tatsu-769a210a-b909-44dd-a2d3-4ae46ade60eb{border-width: 0px 0px px 0px;border-style: solid;}.tatsu-769a210a-b909-44dd-a2d3-4ae46ade60eb .tatsu-section-pad{padding: 80px 0% 120px 0% ;}.tatsu-769a210a-b909-44dd-a2d3-4ae46ade60eb > .tatsu-bottom-divider{z-index: 9999;}.tatsu-769a210a-b909-44dd-a2d3-4ae46ade60eb > .tatsu-top-divider{z-index: 9999;}@media only screen and (max-width:1377px) {.tatsu-769a210a-b909-44dd-a2d3-4ae46ade60eb{border-style: solid;}}@media only screen and (min-width:768px) and (max-width: 1024px) {.tatsu-769a210a-b909-44dd-a2d3-4ae46ade60eb{border-style: solid;}}@media only screen and (max-width: 767px) {.tatsu-769a210a-b909-44dd-a2d3-4ae46ade60eb{border-style: solid;}}<\/style><\/div><div id=\"newsletter\" class=\"tatsu-fpbkn117vudbpe1r tatsu-section    tatsu-clearfix\" data-title=\"\"  data-headerscheme=\"background--light\"><div class='tatsu-section-pad clearfix' data-padding='90px 0% 90px 0%' data-padding-top='90px'><div class=\"tatsu-row-wrap  tatsu-wrap tatsu-row-one-col tatsu-row-has-one-cols tatsu-medium-gutter tatsu-reg-cols  tatsu-clearfix tatsu-fpbkn117wm2mapt0\" ><div  class=\"tatsu-row \" ><div  class=\"tatsu-column  tatsu-column-no-bg tatsu-one-col tatsu-column-image- tatsu-column-effect-  tatsu-fpbkn117wvd6zymz\" data-animation=\"fadeIn\"   data-parallax-speed=\"0\" style=\"\"><div class=\"tatsu-column-inner \" ><div class=\"tatsu-column-pad-wrap\"><div class=\"tatsu-column-pad\" ><div  class=\"tatsu-module tatsu-text-block-wrap tatsu-fpbkn117xcem8xih  \"><div class=\"tatsu-text-inner tatsu-align-center  clearfix\" data-animation=\"fadeIn\"  >\n<h1><span style=\"color: #ffffff;\">Mantengase Actualizado<\/span><\/h1>\n<h4><span style=\"color: #ffffff;\">Todas las novedades que Recargas Star\u00ae tiene para ofrecerle en un solo lugar&#8230;<\/span><\/h4>\n<\/div><\/div><\/div><\/div><div class = \"tatsu-column-bg-image-wrap\"><div class = \"tatsu-column-bg-image\" ><\/div><\/div><\/div><style>.tatsu-fpbkn117wvd6zymz.tatsu-column > .tatsu-column-inner > .tatsu-column-pad-wrap > .tatsu-column-pad{padding: 0px 0px 0px 0px;}.tatsu-fpbkn117wvd6zymz.tatsu-column > .tatsu-column-inner > .tatsu-column-overlay{mix-blend-mode: none;}.tatsu-fpbkn117wvd6zymz > .tatsu-column-inner > .tatsu-top-divider{z-index: 9999;}.tatsu-fpbkn117wvd6zymz > .tatsu-column-inner > .tatsu-bottom-divider{z-index: 9999;}.tatsu-fpbkn117wvd6zymz > .tatsu-column-inner > .tatsu-left-divider{z-index: 9999;}.tatsu-fpbkn117wvd6zymz > .tatsu-column-inner > .tatsu-right-divider{z-index: 9999;}.tatsu-fpbkn117wvd6zymz.tatsu-column{transform: translate3d(0px,0px, 0);}<\/style><\/div><\/div><\/div><div class=\"tatsu-row-wrap  tatsu-wrap tatsu-row-has-two-cols tatsu-medium-gutter tatsu-reg-cols  tatsu-clearfix tatsu-fpbkn117zbcexnxc\" ><div  class=\"tatsu-row \" ><div  class=\"tatsu-column  tatsu-column-no-bg tatsu-one-fourth tatsu-column-image- tatsu-column-effect-  tatsu-fpbkn117zk2dg5sq\" data-animation=\"fadeIn\"   data-parallax-speed=\"0\" style=\"\"><div class=\"tatsu-column-inner \" ><div class=\"tatsu-column-pad-wrap\"><div class=\"tatsu-column-pad\" ><div  class=\"tatsu-module tatsu-normal-icon tatsu-icon-shortcode align-none tatsu-fpbkn117zx59bb5z   \"><style>.tatsu-fpbkn117zx59bb5z .tatsu-icon{background-color: #232323;color: #ffffff ;}.tatsu-fpbkn117zx59bb5z .tatsu-icon:hover{background-color: rgba(255,0,200,1);color: #ffffff ;}<\/style><a href=\"https:\/\/www.facebook.com\/recargasstar\/\"  class=\"tatsu-icon-wrap circle     \" data-animation=\"fadeIn\"   aria-label=\"icon-facebook2\" data-gdpr-atts={}   ><i class=\"tatsu-icon tatsu-custom-icon tatsu-custom-icon-class icon-facebook2 large circle\"  data-animation=\"fadeIn\" data-animation-delay=\"0\"><\/i><\/a><\/div><div  class=\"tatsu-module tatsu-normal-icon tatsu-icon-shortcode align-none tatsu-fpbkn11811crm78h   \"><style>.tatsu-fpbkn11811crm78h .tatsu-icon{background-color: #232323;color: #ffffff ;}.tatsu-fpbkn11811crm78h .tatsu-icon:hover{background-color: rgba(255,0,200,1);color: #ffffff ;}<\/style><a href=\"mailto:info@recargasstar.com.ar\"  class=\"tatsu-icon-wrap circle     \" data-animation=\"fadeIn\"   aria-label=\"icon-email\" data-gdpr-atts={}   ><i class=\"tatsu-icon tatsu-custom-icon tatsu-custom-icon-class icon-email large circle\"  data-animation=\"fadeIn\" data-animation-delay=\"0\"><\/i><\/a><\/div><\/div><\/div><div class = \"tatsu-column-bg-image-wrap\"><div class = \"tatsu-column-bg-image\" ><\/div><\/div><\/div><style>.tatsu-fpbkn117zk2dg5sq.tatsu-column > .tatsu-column-inner > .tatsu-column-pad-wrap > .tatsu-column-pad{padding: 0px 0px 0px 0px;}.tatsu-fpbkn117zk2dg5sq.tatsu-column > .tatsu-column-inner > .tatsu-column-overlay{mix-blend-mode: none;}.tatsu-fpbkn117zk2dg5sq > .tatsu-column-inner > .tatsu-top-divider{z-index: 9999;}.tatsu-fpbkn117zk2dg5sq > .tatsu-column-inner > .tatsu-bottom-divider{z-index: 9999;}.tatsu-fpbkn117zk2dg5sq > .tatsu-column-inner > .tatsu-left-divider{z-index: 9999;}.tatsu-fpbkn117zk2dg5sq > .tatsu-column-inner > .tatsu-right-divider{z-index: 9999;}.tatsu-fpbkn117zk2dg5sq.tatsu-column{transform: translate3d(0px,0px, 0);}<\/style><\/div><div  class=\"tatsu-column  tatsu-column-no-bg tatsu-three-fourth tatsu-column-image- tatsu-column-effect-  tatsu-fpbkn1182579fvjy\" data-animation=\"fadeIn\"   data-parallax-speed=\"0\" style=\"\"><div class=\"tatsu-column-inner \" ><div class=\"tatsu-column-pad-wrap\"><div class=\"tatsu-column-pad\" ><div  class=\"oshine-mc-wrap  tatsu-fpbkn1182j56ogx4 oshine-module align-left    clearfix\" data-animation=\"fadeIn\"   data-consent-error = \"Please check the consent box, in order for us to process this form\"><form method=\"POST\" class=\"oshine-mc-form\"><div class=\"clearfix\"><input type=\"hidden\" name=\"api_key\" value=\"3d87e9892848c1e091a810a6983ee5ac-us16\" \/><input type=\"hidden\" name=\"list_id\" value=\"748ce999c5\" \/><fieldset class=\"contact_fieldset oshine-mc-field\" style=\"width: 100%;\"><input type=\"text\" name=\"email\" placeholder=\"Email\" \/><div class=\"clear\"><\/div><\/fieldset><fieldset class=\"contact_fieldset oshine-mc-submit-wrap\"><input type=\"submit\" name=\"submit\" value=\"SUSCRIBIRME\" class=\"oshine-mc-submit oshine-module tatsu-button\" style= \"border-style: solid;\" \/><div class=\"subscribe_loader\"><div class=\"tatsu-icon loader-style4-wrap loader-icon\"><\/div><\/div><\/fieldset><\/div><div class=\"subscribe_status tatsu-notification\"><\/div><\/form><style>.tatsu-fpbkn1182j56ogx4 .oshine-mc-submit{background: rgba(255,0,200,1);color: #ffffff ;border-width: 1px;}<\/style><\/div><\/div><\/div><div class = \"tatsu-column-bg-image-wrap\"><div class = \"tatsu-column-bg-image\" ><\/div><\/div><\/div><style>.tatsu-fpbkn1182579fvjy.tatsu-column > .tatsu-column-inner > .tatsu-column-pad-wrap > .tatsu-column-pad{padding: 0px 0px 0px 0px;}.tatsu-fpbkn1182579fvjy.tatsu-column > .tatsu-column-inner > .tatsu-column-overlay{mix-blend-mode: none;}.tatsu-fpbkn1182579fvjy > .tatsu-column-inner > .tatsu-top-divider{z-index: 9999;}.tatsu-fpbkn1182579fvjy > .tatsu-column-inner > .tatsu-bottom-divider{z-index: 9999;}.tatsu-fpbkn1182579fvjy > .tatsu-column-inner > .tatsu-left-divider{z-index: 9999;}.tatsu-fpbkn1182579fvjy > .tatsu-column-inner > .tatsu-right-divider{z-index: 9999;}.tatsu-fpbkn1182579fvjy.tatsu-column{transform: translate3d(0px,0px, 0);}<\/style><\/div><\/div><\/div><\/div><div class=\"tatsu-section-background-wrap\"><div class = \"tatsu-section-background\" ><\/div><\/div><style>.tatsu-fpbkn117vudbpe1r.tatsu-section{background-color: #000000;margin: 0px 0px 0px 0px;}.tatsu-fpbkn117vudbpe1r{border-width: 0px 0px px 0px;border-style: solid;}.tatsu-fpbkn117vudbpe1r .tatsu-section-pad{padding: 90px 0% 90px 0%;}.tatsu-fpbkn117vudbpe1r > .tatsu-bottom-divider{z-index: 9999;}.tatsu-fpbkn117vudbpe1r > .tatsu-top-divider{z-index: 9999;}@media only screen and (max-width:1377px) {.tatsu-fpbkn117vudbpe1r{border-style: solid;}}@media only screen and (min-width:768px) and (max-width: 1024px) {.tatsu-fpbkn117vudbpe1r{border-style: solid;}}@media only screen and (max-width: 767px) {.tatsu-fpbkn117vudbpe1r{border-style: solid;}}<\/style><\/div>\n","protected":false},"excerpt":{"rendered":"<p><a href=\"https:\/\/recargasstar.com.ar\/sitio2017\/contacto\/\" class=\"more-link style2-button\">Read More<\/a><\/p>","protected":false},"author":1,"featured_media":0,"parent":0,"menu_order":0,"comment_status":"closed","ping_status":"closed","template":"","meta":[],"_links":{"self":[{"href":"https:\/\/recargasstar.com.ar\/sitio2017\/wp-json\/wp\/v2\/pages\/3781"}],"collection":[{"href":"https:\/\/recargasstar.com.ar\/sitio2017\/wp-json\/wp\/v2\/pages"}],"about":[{"href":"https:\/\/recargasstar.com.ar\/sitio2017\/wp-json\/wp\/v2\/types\/page"}],"author":[{"embeddable":true,"href":"https:\/\/recargasstar.com.ar\/sitio2017\/wp-json\/wp\/v2\/users\/1"}],"replies":[{"embeddable":true,"href":"https:\/\/recargasstar.com.ar\/sitio2017\/wp-json\/wp\/v2\/comments?post=3781"}],"version-history":[{"count":20,"href":"https:\/\/recargasstar.com.ar\/sitio2017\/wp-json\/wp\/v2\/pages\/3781\/revisions"}],"predecessor-version":[{"id":3838,"href":"https:\/\/recargasstar.com.ar\/sitio2017\/wp-json\/wp\/v2\/pages\/3781\/revisions\/3838"}],"wp:attachment":[{"href":"https:\/\/recargasstar.com.ar\/sitio2017\/wp-json\/wp\/v2\/media?parent=3781"}],"curies":[{"name":"wp","href":"https:\/\/api.w.org\/{rel}","templated":true}]}}